{"id":52,"date":"2025-02-26T20:39:42","date_gmt":"2025-02-26T20:39:42","guid":{"rendered":"https:\/\/cityvip.cl\/?page_id=52"},"modified":"2025-03-27T15:35:32","modified_gmt":"2025-03-27T15:35:32","slug":"servicios","status":"publish","type":"page","link":"https:\/\/cityvip.cl\/index.php\/servicios\/","title":{"rendered":"Servicios"},"content":{"rendered":"\t\t<div data-elementor-type=\"wp-page\" data-elementor-id=\"52\" class=\"elementor elementor-52\" data-elementor-post-type=\"page\">\n\t\t\t\t\t\t<section class=\"elementor-section elementor-top-section elementor-element elementor-element-42de8347 elementor-section-boxed elementor-section-height-default elementor-section-height-default\" data-id=\"42de8347\" data-element_type=\"section\" data-settings=\"{&quot;background_background&quot;:&quot;classic&quot;}\">\n\t\t\t\t\t\t\t<div class=\"elementor-background-overlay\"><\/div>\n\t\t\t\t\t\t\t<div class=\"elementor-container elementor-column-gap-default\">\n\t\t\t\t\t<div class=\"elementor-column elementor-col-100 elementor-top-column elementor-element elementor-element-4778924c\" data-id=\"4778924c\" data-element_type=\"column\">\n\t\t\t<div class=\"elementor-widget-wrap elementor-element-populated\">\n\t\t\t\t\t\t<div class=\"elementor-element elementor-element-775288ea elementor-widget elementor-widget-heading\" data-id=\"775288ea\" data-element_type=\"widget\" data-widget_type=\"heading.default\">\n\t\t\t\t<div class=\"elementor-widget-container\">\n\t\t\t\t\t<h1 class=\"elementor-heading-title elementor-size-default\">Servicios<\/h1>\t\t\t\t<\/div>\n\t\t\t\t<\/div>\n\t\t\t\t\t<\/div>\n\t\t<\/div>\n\t\t\t\t\t<\/div>\n\t\t<\/section>\n\t\t\t\t<section class=\"elementor-section elementor-top-section elementor-element elementor-element-1c5027ec elementor-section-boxed elementor-section-height-default elementor-section-height-default\" data-id=\"1c5027ec\" data-element_type=\"section\" data-settings=\"{&quot;background_background&quot;:&quot;classic&quot;}\">\n\t\t\t\t\t\t<div class=\"elementor-container elementor-column-gap-extended\">\n\t\t\t\t\t<div class=\"elementor-column elementor-col-100 elementor-top-column elementor-element elementor-element-5f8ac22f\" data-id=\"5f8ac22f\" data-element_type=\"column\">\n\t\t\t<div class=\"elementor-widget-wrap elementor-element-populated\">\n\t\t\t\t\t\t<section class=\"elementor-section elementor-inner-section elementor-element elementor-element-66e079a7 elementor-section-boxed elementor-section-height-default elementor-section-height-default\" data-id=\"66e079a7\" data-element_type=\"section\">\n\t\t\t\t\t\t<div class=\"elementor-container elementor-column-gap-default\">\n\t\t\t\t\t<div class=\"elementor-column elementor-col-100 elementor-inner-column elementor-element elementor-element-7baa7c3e\" data-id=\"7baa7c3e\" data-element_type=\"column\">\n\t\t\t<div class=\"elementor-widget-wrap elementor-element-populated\">\n\t\t\t\t\t\t<div class=\"elementor-element elementor-element-6a5a121a elementor-view-default elementor-widget elementor-widget-icon\" data-id=\"6a5a121a\" data-element_type=\"widget\" data-widget_type=\"icon.default\">\n\t\t\t\t<div class=\"elementor-widget-container\">\n\t\t\t\t\t\t\t<div class=\"elementor-icon-wrapper\">\n\t\t\t<div class=\"elementor-icon\">\n\t\t\t<svg aria-hidden=\"true\" class=\"e-font-icon-svg e-fas-circle\" viewBox=\"0 0 512 512\" xmlns=\"http:\/\/www.w3.org\/2000\/svg\"><path d=\"M256 8C119 8 8 119 8 256s111 248 248 248 248-111 248-248S393 8 256 8z\"><\/path><\/svg>\t\t\t<\/div>\n\t\t<\/div>\n\t\t\t\t\t\t<\/div>\n\t\t\t\t<\/div>\n\t\t\t\t<div class=\"elementor-element elementor-element-233aabe1 elementor-widget elementor-widget-heading\" data-id=\"233aabe1\" data-element_type=\"widget\" data-widget_type=\"heading.default\">\n\t\t\t\t<div class=\"elementor-widget-container\">\n\t\t\t\t\t<h2 class=\"elementor-heading-title elementor-size-default\">Movilidad Privada con seguridad, confianza y certificaci\u00f3n<\/h2>\t\t\t\t<\/div>\n\t\t\t\t<\/div>\n\t\t\t\t\t<\/div>\n\t\t<\/div>\n\t\t\t\t\t<\/div>\n\t\t<\/section>\n\t\t\t\t\t<\/div>\n\t\t<\/div>\n\t\t\t\t\t<\/div>\n\t\t<\/section>\n\t\t\t\t<section class=\"elementor-section elementor-top-section elementor-element elementor-element-3981c94d elementor-section-boxed elementor-section-height-default elementor-section-height-default\" data-id=\"3981c94d\" data-element_type=\"section\" data-settings=\"{&quot;background_background&quot;:&quot;classic&quot;}\">\n\t\t\t\t\t\t<div class=\"elementor-container elementor-column-gap-default\">\n\t\t\t\t\t<div class=\"elementor-column elementor-col-33 elementor-top-column elementor-element elementor-element-3f4c21cd\" data-id=\"3f4c21cd\" data-element_type=\"column\">\n\t\t\t<div class=\"elementor-widget-wrap elementor-element-populated\">\n\t\t\t\t\t\t<div class=\"elementor-element elementor-element-590ac29c elementor-widget elementor-widget-tfimagebox\" data-id=\"590ac29c\" data-element_type=\"widget\" data-widget_type=\"tfimagebox.default\">\n\t\t\t\t<div class=\"elementor-widget-container\">\n\t\t\t\t\t<div class=\"tf-imagebox style-1\"> \r\n                <div class=\"image\"><img fetchpriority=\"high\" decoding=\"async\" width=\"740\" height=\"550\" src=\"https:\/\/cityvip.cl\/wp-content\/uploads\/2025\/02\/cityvip-cars-5.png\" class=\"attachment-full size-full wp-image-217\" alt=\"\" srcset=\"https:\/\/cityvip.cl\/wp-content\/uploads\/2025\/02\/cityvip-cars-5.png 740w, https:\/\/cityvip.cl\/wp-content\/uploads\/2025\/02\/cityvip-cars-5-300x223.png 300w\" sizes=\"(max-width: 740px) 100vw, 740px\" \/> <div class=\"image-overlay fade-in\"><\/div><\/div>\r\n                <div class=\"content-only \"> \r\n                \t               \t              \r\n\t\t\t\t\t<h4 class=\"title\"><a href=\"https:\/\/cityvip.cl\/index.php\/inscripcion\/\">Traslados en Regi\u00f3n Metropolitana<\/a><\/h4>\r\n\t\t\t\t<\/div>\r\n                <div class=\"content \">\t\r\n                \t                \r\n\t\t\t\t\t<h4 class=\"title\"><a href=\"https:\/\/cityvip.cl\/index.php\/inscripcion\/\">Traslados en Regi\u00f3n Metropolitana<\/a><\/h4>\r\n\t                <div class=\"description\">Servicio exclusivo dentro de Santiago y comunas aleda\u00f1as, con conductores certificados y veh\u00edculos asegurados.\n\n<\/div>\r\n\t                <div class=\"tf-button-container \"><a  class=\"tf-button bt_icon_after hover-default elementor-animation-push\" href=\"https:\/\/cityvip.cl\/index.php\/inscripcion\/\" >\u00a1Quiero Inscribirme! <i class=\"\"><\/i><\/a><\/div>\r\n\t\t\t\t<\/div>\r\n            <\/div>\t\t\t\t<\/div>\n\t\t\t\t<\/div>\n\t\t\t\t\t<\/div>\n\t\t<\/div>\n\t\t\t\t<div class=\"elementor-column elementor-col-33 elementor-top-column elementor-element elementor-element-502ae901\" data-id=\"502ae901\" data-element_type=\"column\">\n\t\t\t<div class=\"elementor-widget-wrap elementor-element-populated\">\n\t\t\t\t\t\t<div class=\"elementor-element elementor-element-2132ff3d elementor-widget elementor-widget-tfimagebox\" data-id=\"2132ff3d\" data-element_type=\"widget\" data-widget_type=\"tfimagebox.default\">\n\t\t\t\t<div class=\"elementor-widget-container\">\n\t\t\t\t\t<div class=\"tf-imagebox style-1\"> \r\n                <div class=\"image\"><img decoding=\"async\" width=\"740\" height=\"550\" src=\"https:\/\/cityvip.cl\/wp-content\/uploads\/2025\/02\/1.png\" class=\"attachment-full size-full wp-image-214\" alt=\"\" srcset=\"https:\/\/cityvip.cl\/wp-content\/uploads\/2025\/02\/1.png 740w, https:\/\/cityvip.cl\/wp-content\/uploads\/2025\/02\/1-300x223.png 300w\" sizes=\"(max-width: 740px) 100vw, 740px\" \/> <div class=\"image-overlay fade-in\"><\/div><\/div>\r\n                <div class=\"content-only \"> \r\n                \t               \t              \r\n\t\t\t\t\t<h4 class=\"title\"><a href=\"https:\/\/cityvip.cl\/index.php\/inscripcion\/\">Traslados al Aeropuerto<\/a><\/h4>\r\n\t\t\t\t<\/div>\r\n                <div class=\"content \">\t\r\n                \t                \r\n\t\t\t\t\t<h4 class=\"title\"><a href=\"https:\/\/cityvip.cl\/index.php\/inscripcion\/\">Traslados al Aeropuerto<\/a><\/h4>\r\n\t                <div class=\"description\">Viajes directos y puntuales entre la ciudad y el Aeropuerto Internacional de Santiago, con total tranquilidad.\n\n<\/div>\r\n\t                <div class=\"tf-button-container \"><a  class=\"tf-button bt_icon_after hover-default elementor-animation-push\" href=\"https:\/\/cityvip.cl\/index.php\/inscripcion\/\" >\u00a1Quiero Inscribirme! <i class=\"\"><\/i><\/a><\/div>\r\n\t\t\t\t<\/div>\r\n            <\/div>\t\t\t\t<\/div>\n\t\t\t\t<\/div>\n\t\t\t\t\t<\/div>\n\t\t<\/div>\n\t\t\t\t<div class=\"elementor-column elementor-col-33 elementor-top-column elementor-element elementor-element-50fbc93d\" data-id=\"50fbc93d\" data-element_type=\"column\">\n\t\t\t<div class=\"elementor-widget-wrap elementor-element-populated\">\n\t\t\t\t\t\t<div class=\"elementor-element elementor-element-72a97d5d elementor-widget elementor-widget-tfimagebox\" data-id=\"72a97d5d\" data-element_type=\"widget\" data-widget_type=\"tfimagebox.default\">\n\t\t\t\t<div class=\"elementor-widget-container\">\n\t\t\t\t\t<div class=\"tf-imagebox style-1\"> \r\n                <div class=\"image\"><img decoding=\"async\" width=\"740\" height=\"550\" src=\"https:\/\/cityvip.cl\/wp-content\/uploads\/2025\/03\/cityvip.jpg\" class=\"attachment-full size-full wp-image-660\" alt=\"\" srcset=\"https:\/\/cityvip.cl\/wp-content\/uploads\/2025\/03\/cityvip.jpg 740w, https:\/\/cityvip.cl\/wp-content\/uploads\/2025\/03\/cityvip-300x223.jpg 300w\" sizes=\"(max-width: 740px) 100vw, 740px\" \/> <div class=\"image-overlay fade-in\"><\/div><\/div>\r\n                <div class=\"content-only \"> \r\n                \t               \t              \r\n\t\t\t\t\t<h4 class=\"title\"><a href=\"https:\/\/cityvip.cl\/index.php\/inscripcion\/\">Conexi\u00f3n Santiago - Rancagua - Aeropuerto<\/a><\/h4>\r\n\t\t\t\t<\/div>\r\n                <div class=\"content \">\t\r\n                \t                \r\n\t\t\t\t\t<h4 class=\"title\"><a href=\"https:\/\/cityvip.cl\/index.php\/inscripcion\/\">Conexi\u00f3n Santiago - Rancagua - Aeropuerto<\/a><\/h4>\r\n\t                <div class=\"description\">Movilidad garantizada en la ruta Santiago \u2013 Rancagua \u2013 Aeropuerto, asegurando confort y eficiencia en cada trayecto.\n\n<\/div>\r\n\t                <div class=\"tf-button-container \"><a  class=\"tf-button bt_icon_after hover-default elementor-animation-push\" href=\"https:\/\/cityvip.cl\/index.php\/inscripcion\/\" >\u00a1Quiero Inscribirme! <i class=\"\"><\/i><\/a><\/div>\r\n\t\t\t\t<\/div>\r\n            <\/div>\t\t\t\t<\/div>\n\t\t\t\t<\/div>\n\t\t\t\t\t<\/div>\n\t\t<\/div>\n\t\t\t\t\t<\/div>\n\t\t<\/section>\n\t\t\t\t<section class=\"elementor-section elementor-top-section elementor-element elementor-element-26d40cb elementor-section-boxed elementor-section-height-default elementor-section-height-default\" data-id=\"26d40cb\" data-element_type=\"section\" data-settings=\"{&quot;background_background&quot;:&quot;classic&quot;}\">\n\t\t\t\t\t\t<div class=\"elementor-container elementor-column-gap-default\">\n\t\t\t\t\t<div class=\"elementor-column elementor-col-33 elementor-top-column elementor-element elementor-element-045013b\" data-id=\"045013b\" data-element_type=\"column\">\n\t\t\t<div class=\"elementor-widget-wrap elementor-element-populated\">\n\t\t\t\t\t\t<div class=\"elementor-element elementor-element-55e098e elementor-widget elementor-widget-tfimagebox\" data-id=\"55e098e\" data-element_type=\"widget\" data-widget_type=\"tfimagebox.default\">\n\t\t\t\t<div class=\"elementor-widget-container\">\n\t\t\t\t\t<div class=\"tf-imagebox style-1\"> \r\n                <div class=\"image\"><img loading=\"lazy\" decoding=\"async\" width=\"740\" height=\"550\" src=\"https:\/\/cityvip.cl\/wp-content\/uploads\/2025\/02\/cityvip-cars.jpg\" class=\"attachment-full size-full wp-image-219\" alt=\"\" srcset=\"https:\/\/cityvip.cl\/wp-content\/uploads\/2025\/02\/cityvip-cars.jpg 740w, https:\/\/cityvip.cl\/wp-content\/uploads\/2025\/02\/cityvip-cars-300x223.jpg 300w\" sizes=\"(max-width: 740px) 100vw, 740px\" \/> <div class=\"image-overlay fade-in\"><\/div><\/div>\r\n                <div class=\"content-only \"> \r\n                \t               \t              \r\n\t\t\t\t\t<h4 class=\"title\"><a href=\"https:\/\/cityvip.cl\/index.php\/inscripcion\/\"> Cityvip Market<\/a><\/h4>\r\n\t\t\t\t<\/div>\r\n                <div class=\"content \">\t\r\n                \t                \r\n\t\t\t\t\t<h4 class=\"title\"><a href=\"https:\/\/cityvip.cl\/index.php\/inscripcion\/\"> Cityvip Market<\/a><\/h4>\r\n\t                <div class=\"description\">Compra productos esenciales con total comodidad y rec\u00edbelos con el mismo est\u00e1ndar de rapidez y seguridad que nuestros traslados.\n\n<\/div>\r\n\t                <div class=\"tf-button-container \"><a  class=\"tf-button bt_icon_after hover-default elementor-animation-push\" href=\"https:\/\/cityvip.cl\/index.php\/inscripcion\/\" >\u00a1Quiero Inscribirme! <i class=\"\"><\/i><\/a><\/div>\r\n\t\t\t\t<\/div>\r\n            <\/div>\t\t\t\t<\/div>\n\t\t\t\t<\/div>\n\t\t\t\t\t<\/div>\n\t\t<\/div>\n\t\t\t\t<div class=\"elementor-column elementor-col-33 elementor-top-column elementor-element elementor-element-071a7b2\" data-id=\"071a7b2\" data-element_type=\"column\">\n\t\t\t<div class=\"elementor-widget-wrap elementor-element-populated\">\n\t\t\t\t\t\t<div class=\"elementor-element elementor-element-50635eb elementor-widget elementor-widget-tfimagebox\" data-id=\"50635eb\" data-element_type=\"widget\" data-widget_type=\"tfimagebox.default\">\n\t\t\t\t<div class=\"elementor-widget-container\">\n\t\t\t\t\t<div class=\"tf-imagebox style-1\"> \r\n                <div class=\"image\"><img loading=\"lazy\" decoding=\"async\" width=\"740\" height=\"550\" src=\"https:\/\/cityvip.cl\/wp-content\/uploads\/2025\/03\/Diseno-sin-titulo-28.png\" class=\"attachment-full size-full wp-image-303\" alt=\"\" srcset=\"https:\/\/cityvip.cl\/wp-content\/uploads\/2025\/03\/Diseno-sin-titulo-28.png 740w, https:\/\/cityvip.cl\/wp-content\/uploads\/2025\/03\/Diseno-sin-titulo-28-300x223.png 300w\" sizes=\"(max-width: 740px) 100vw, 740px\" \/> <div class=\"image-overlay fade-in\"><\/div><\/div>\r\n                <div class=\"content-only \"> \r\n                \t               \t              \r\n\t\t\t\t\t<h4 class=\"title\"><a href=\"https:\/\/cityvip.cl\/index.php\/inscripcion\/\">Env\u00edo de Encomiendas (Solo en Santiago)<\/a><\/h4>\r\n\t\t\t\t<\/div>\r\n                <div class=\"content \">\t\r\n                \t                \r\n\t\t\t\t\t<h4 class=\"title\"><a href=\"https:\/\/cityvip.cl\/index.php\/inscripcion\/\">Env\u00edo de Encomiendas (Solo en Santiago)<\/a><\/h4>\r\n\t                <div class=\"description\">Transporte seguro y confiable de paquetes y documentos dentro de la Regi\u00f3n Metropolitana. Ideal para env\u00edos urgentes con garant\u00eda de entrega.\n\n<\/div>\r\n\t                <div class=\"tf-button-container \"><a  class=\"tf-button bt_icon_after hover-default elementor-animation-push\" href=\"https:\/\/cityvip.cl\/index.php\/inscripcion\/\" >\u00a1Quiero Inscribirme! <i class=\"\"><\/i><\/a><\/div>\r\n\t\t\t\t<\/div>\r\n            <\/div>\t\t\t\t<\/div>\n\t\t\t\t<\/div>\n\t\t\t\t\t<\/div>\n\t\t<\/div>\n\t\t\t\t<div class=\"elementor-column elementor-col-33 elementor-top-column elementor-element elementor-element-982c4f9\" data-id=\"982c4f9\" data-element_type=\"column\">\n\t\t\t<div class=\"elementor-widget-wrap\">\n\t\t\t\t\t\t\t<\/div>\n\t\t<\/div>\n\t\t\t\t\t<\/div>\n\t\t<\/section>\n\t\t\t\t<section class=\"elementor-section elementor-top-section elementor-element elementor-element-7aa69d64 elementor-section-boxed elementor-section-height-default elementor-section-height-default\" data-id=\"7aa69d64\" data-element_type=\"section\" data-settings=\"{&quot;background_background&quot;:&quot;classic&quot;}\">\n\t\t\t\t\t\t<div class=\"elementor-container elementor-column-gap-extended\">\n\t\t\t\t\t<div class=\"elementor-column elementor-col-100 elementor-top-column elementor-element elementor-element-54ed9ac9\" data-id=\"54ed9ac9\" data-element_type=\"column\">\n\t\t\t<div class=\"elementor-widget-wrap elementor-element-populated\">\n\t\t\t\t\t\t<div class=\"elementor-element elementor-element-7d462f90 elementor-widget elementor-widget-heading\" data-id=\"7d462f90\" data-element_type=\"widget\" data-widget_type=\"heading.default\">\n\t\t\t\t<div class=\"elementor-widget-container\">\n\t\t\t\t\t<h6 class=\"elementor-heading-title elementor-size-default\">IMPORTANTE:<\/h6>\t\t\t\t<\/div>\n\t\t\t\t<\/div>\n\t\t\t\t<div class=\"elementor-element elementor-element-1d25b181 elementor-widget elementor-widget-heading\" data-id=\"1d25b181\" data-element_type=\"widget\" data-widget_type=\"heading.default\">\n\t\t\t\t<div class=\"elementor-widget-container\">\n\t\t\t\t\t<h2 class=\"elementor-heading-title elementor-size-default\">Para acceder a nuestros servicios, todos los pasajeros deben inscribirse previamente para obtener su credencial como cliente.<\/h2>\t\t\t\t<\/div>\n\t\t\t\t<\/div>\n\t\t\t\t<div class=\"elementor-element elementor-element-671963cc elementor-align-center elementor-widget elementor-widget-button\" data-id=\"671963cc\" data-element_type=\"widget\" data-widget_type=\"button.default\">\n\t\t\t\t<div class=\"elementor-widget-container\">\n\t\t\t\t\t\t\t\t\t<div class=\"elementor-button-wrapper\">\n\t\t\t\t\t<a class=\"elementor-button elementor-button-link elementor-size-sm\" href=\"https:\/\/cityvip.cl\/index.php\/inscripcion\/\">\n\t\t\t\t\t\t<span class=\"elementor-button-content-wrapper\">\n\t\t\t\t\t\t\t\t\t<span class=\"elementor-button-text\">Reg\u00edstrate hoy y obt\u00e9n tu credencial para viajar con Cityvip.<\/span>\n\t\t\t\t\t<\/span>\n\t\t\t\t\t<\/a>\n\t\t\t\t<\/div>\n\t\t\t\t\t\t\t\t<\/div>\n\t\t\t\t<\/div>\n\t\t\t\t\t<\/div>\n\t\t<\/div>\n\t\t\t\t\t<\/div>\n\t\t<\/section>\n\t\t<div class=\"elementor-element elementor-element-5b0373c e-flex e-con-boxed e-con e-parent\" data-id=\"5b0373c\" data-element_type=\"container\" data-settings=\"{&quot;background_background&quot;:&quot;classic&quot;}\">\n\t\t\t\t\t<div class=\"e-con-inner\">\n\t\t\t\t<div class=\"elementor-element elementor-element-0bb689f elementor-widget elementor-widget-image\" data-id=\"0bb689f\" data-element_type=\"widget\" data-widget_type=\"image.default\">\n\t\t\t\t<div class=\"elementor-widget-container\">\n\t\t\t\t\t\t\t\t\t\t\t\t\t\t\t<img loading=\"lazy\" decoding=\"async\" width=\"800\" height=\"450\" src=\"https:\/\/cityvip.cl\/wp-content\/uploads\/2025\/03\/Diseno-sin-titulo-1024x576.jpg\" class=\"attachment-large size-large wp-image-284\" alt=\"\" srcset=\"https:\/\/cityvip.cl\/wp-content\/uploads\/2025\/03\/Diseno-sin-titulo-1024x576.jpg 1024w, https:\/\/cityvip.cl\/wp-content\/uploads\/2025\/03\/Diseno-sin-titulo-300x169.jpg 300w, https:\/\/cityvip.cl\/wp-content\/uploads\/2025\/03\/Diseno-sin-titulo-768x432.jpg 768w, https:\/\/cityvip.cl\/wp-content\/uploads\/2025\/03\/Diseno-sin-titulo.jpg 1366w\" sizes=\"(max-width: 800px) 100vw, 800px\" \/>\t\t\t\t\t\t\t\t\t\t\t\t\t\t\t<\/div>\n\t\t\t\t<\/div>\n\t\t\t\t\t<\/div>\n\t\t\t\t<\/div>\n\t\t\t\t<\/div>\n\t\t","protected":false},"excerpt":{"rendered":"<p>Servicios Movilidad Privada con seguridad, confianza y certificaci\u00f3n Traslados en Regi\u00f3n Metropolitana Traslados en Regi\u00f3n Metropolitana Servicio exclusivo dentro de Santiago y comunas aleda\u00f1as, con conductores certificados y veh\u00edculos asegurados. \u00a1Quiero Inscribirme! Traslados al Aeropuerto Traslados al Aeropuerto Viajes directos y puntuales entre la ciudad y el Aeropuerto Internacional de Santiago, con total tranquilidad. \u00a1Quiero [&hellip;]<\/p>\n","protected":false},"author":1,"featured_media":0,"parent":0,"menu_order":0,"comment_status":"closed","ping_status":"closed","template":"","meta":{"footnotes":""},"class_list":["post-52","page","type-page","status-publish","hentry"],"_links":{"self":[{"href":"https:\/\/cityvip.cl\/index.php\/wp-json\/wp\/v2\/pages\/52","targetHints":{"allow":["GET"]}}],"collection":[{"href":"https:\/\/cityvip.cl\/index.php\/wp-json\/wp\/v2\/pages"}],"about":[{"href":"https:\/\/cityvip.cl\/index.php\/wp-json\/wp\/v2\/types\/page"}],"author":[{"embeddable":true,"href":"https:\/\/cityvip.cl\/index.php\/wp-json\/wp\/v2\/users\/1"}],"replies":[{"embeddable":true,"href":"https:\/\/cityvip.cl\/index.php\/wp-json\/wp\/v2\/comments?post=52"}],"version-history":[{"count":49,"href":"https:\/\/cityvip.cl\/index.php\/wp-json\/wp\/v2\/pages\/52\/revisions"}],"predecessor-version":[{"id":663,"href":"https:\/\/cityvip.cl\/index.php\/wp-json\/wp\/v2\/pages\/52\/revisions\/663"}],"wp:attachment":[{"href":"https:\/\/cityvip.cl\/index.php\/wp-json\/wp\/v2\/media?parent=52"}],"curies":[{"name":"wp","href":"https:\/\/api.w.org\/{rel}","templated":true}]}}