{"id":50,"date":"2025-02-26T20:39:28","date_gmt":"2025-02-26T20:39:28","guid":{"rendered":"https:\/\/cityvip.cl\/?page_id=50"},"modified":"2025-03-27T15:37:50","modified_gmt":"2025-03-27T15:37:50","slug":"inscripcion","status":"publish","type":"page","link":"https:\/\/cityvip.cl\/index.php\/inscripcion\/","title":{"rendered":"Inscripci\u00f3n"},"content":{"rendered":"\t\t<div data-elementor-type=\"wp-page\" data-elementor-id=\"50\" class=\"elementor elementor-50\" data-elementor-post-type=\"page\">\n\t\t\t\t\t\t<section class=\"elementor-section elementor-top-section elementor-element elementor-element-28323f84 elementor-section-boxed elementor-section-height-default elementor-section-height-default\" data-id=\"28323f84\" data-element_type=\"section\" data-settings=\"{&quot;background_background&quot;:&quot;classic&quot;}\">\n\t\t\t\t\t\t\t<div class=\"elementor-background-overlay\"><\/div>\n\t\t\t\t\t\t\t<div class=\"elementor-container elementor-column-gap-default\">\n\t\t\t\t\t<div class=\"elementor-column elementor-col-100 elementor-top-column elementor-element elementor-element-52f28c20\" data-id=\"52f28c20\" data-element_type=\"column\">\n\t\t\t<div class=\"elementor-widget-wrap elementor-element-populated\">\n\t\t\t\t\t\t<div class=\"elementor-element elementor-element-4c1bf750 elementor-widget elementor-widget-heading\" data-id=\"4c1bf750\" data-element_type=\"widget\" data-widget_type=\"heading.default\">\n\t\t\t\t<div class=\"elementor-widget-container\">\n\t\t\t\t\t<h1 class=\"elementor-heading-title elementor-size-default\">Solicita tu credencial<\/h1>\t\t\t\t<\/div>\n\t\t\t\t<\/div>\n\t\t\t\t\t<\/div>\n\t\t<\/div>\n\t\t\t\t\t<\/div>\n\t\t<\/section>\n\t\t\t\t<section class=\"elementor-section elementor-top-section elementor-element elementor-element-11489409 elementor-section-boxed elementor-section-height-default elementor-section-height-default\" data-id=\"11489409\" data-element_type=\"section\" data-settings=\"{&quot;background_background&quot;:&quot;classic&quot;}\">\n\t\t\t\t\t\t<div class=\"elementor-container elementor-column-gap-default\">\n\t\t\t\t\t<div class=\"elementor-column elementor-col-100 elementor-top-column elementor-element elementor-element-5fb5d6da\" data-id=\"5fb5d6da\" data-element_type=\"column\">\n\t\t\t<div class=\"elementor-widget-wrap elementor-element-populated\">\n\t\t\t\t\t\t<div class=\"elementor-element elementor-element-3fd5fb98 elementor-view-default elementor-widget elementor-widget-icon\" data-id=\"3fd5fb98\" data-element_type=\"widget\" data-widget_type=\"icon.default\">\n\t\t\t\t<div class=\"elementor-widget-container\">\n\t\t\t\t\t\t\t<div class=\"elementor-icon-wrapper\">\n\t\t\t<div class=\"elementor-icon\">\n\t\t\t<svg aria-hidden=\"true\" class=\"e-font-icon-svg e-fas-circle\" viewBox=\"0 0 512 512\" xmlns=\"http:\/\/www.w3.org\/2000\/svg\"><path d=\"M256 8C119 8 8 119 8 256s111 248 248 248 248-111 248-248S393 8 256 8z\"><\/path><\/svg>\t\t\t<\/div>\n\t\t<\/div>\n\t\t\t\t\t\t<\/div>\n\t\t\t\t<\/div>\n\t\t\t\t<div class=\"elementor-element elementor-element-49831fb0 elementor-widget elementor-widget-heading\" data-id=\"49831fb0\" data-element_type=\"widget\" data-widget_type=\"heading.default\">\n\t\t\t\t<div class=\"elementor-widget-container\">\n\t\t\t\t\t<h6 class=\"elementor-heading-title elementor-size-default\">Para acceder a nuestros servicios, todos los pasajeros deben inscribirse previamente para obtener su credencial como cliente.<\/h6>\t\t\t\t<\/div>\n\t\t\t\t<\/div>\n\t\t\t\t\t<\/div>\n\t\t<\/div>\n\t\t\t\t\t<\/div>\n\t\t<\/section>\n\t\t\t\t<section class=\"elementor-section elementor-top-section elementor-element elementor-element-6546cd97 elementor-section-boxed elementor-section-height-default elementor-section-height-default\" data-id=\"6546cd97\" data-element_type=\"section\" data-settings=\"{&quot;background_background&quot;:&quot;classic&quot;}\">\n\t\t\t\t\t\t<div class=\"elementor-container elementor-column-gap-default\">\n\t\t\t\t\t<div class=\"elementor-column elementor-col-100 elementor-top-column elementor-element elementor-element-327b4b53\" data-id=\"327b4b53\" data-element_type=\"column\">\n\t\t\t<div class=\"elementor-widget-wrap elementor-element-populated\">\n\t\t\t\t\t\t<div class=\"elementor-element elementor-element-559c179 elementor-widget elementor-widget-elementskit-we-forms\" data-id=\"559c179\" data-element_type=\"widget\" data-widget_type=\"elementskit-we-forms.default\">\n\t\t\t\t<div class=\"elementor-widget-container\">\n\t\t\t\t\t\r\n        \r\n\r\n                <form class=\"wpuf-form-add weforms-352  wpuf-style\" action=\"\" method=\"post\"   id=\"\">\r\n\r\n            <ul class=\"wpuf-form form-label-above\">\r\n\r\n                        <li class=\"wpuf-el\">\r\n            <div class=\"wpuf-field-columns has-columns-2\" data-style=\"wpuf-style\">\r\n                <div class=\"wpuf-column-field-inner-columns\">\r\n                    <div class=\"wpuf-column\">\r\n                                                    <div class=\"column-1 items-of-column-2 wpuf-column-inner-fields\">\r\n                                <ul class=\"wpuf-column-fields\">\r\n                                            <li class=\"wpuf-el nombres field-size-large\" data-label=\"Nombres\">\r\n                    <div class=\"wpuf-label\">\r\n            <label for=\"nombres_352\">Nombres <span class=\"required\">*<\/span><\/label>\r\n        <\/div>\r\n        \r\n            <div class=\"wpuf-fields\">\r\n                <input\r\n                    class=\"textfield wpuf_nombres_352\"\r\n                    id=\"nombres_352\"\r\n                    type=\"text\"\r\n                    data-duplicate=\"no\"\r\n                    data-required=\"yes\"\r\n                    data-type=\"text\" name=\"nombres\"\r\n                    placeholder=\"\"\r\n                    value=\"\"\r\n                    size=\"40\"\r\n                    data-style=\"wpuf-style\"\r\n                \/>\r\n\r\n                <span class=\"wpuf-wordlimit-message wpuf-help\"><\/span>\r\n                            <\/div>\r\n                    <\/li>\r\n                                        <\/ul>\r\n                            <\/div>\r\n\r\n                                                                                <div class=\"column-2 items-of-column-2 wpuf-column-inner-fields\">\r\n                                <ul class=\"wpuf-column-fields\">\r\n                                            <li class=\"wpuf-el apellidos field-size-large\" data-label=\"Apellidos\">\r\n                    <div class=\"wpuf-label\">\r\n            <label for=\"apellidos_352\">Apellidos <span class=\"required\">*<\/span><\/label>\r\n        <\/div>\r\n        \r\n            <div class=\"wpuf-fields\">\r\n                <input\r\n                    class=\"textfield wpuf_apellidos_352\"\r\n                    id=\"apellidos_352\"\r\n                    type=\"text\"\r\n                    data-duplicate=\"no\"\r\n                    data-required=\"yes\"\r\n                    data-type=\"text\" name=\"apellidos\"\r\n                    placeholder=\"\"\r\n                    value=\"\"\r\n                    size=\"40\"\r\n                    data-style=\"wpuf-style\"\r\n                \/>\r\n\r\n                <span class=\"wpuf-wordlimit-message wpuf-help\"><\/span>\r\n                            <\/div>\r\n                    <\/li>\r\n                                        <\/ul>\r\n                            <\/div>\r\n\r\n                                                                        <\/div>\r\n                <\/div>\r\n            <\/div>\r\n        <\/li>\r\n                <li class=\"wpuf-el rut field-size-large\" data-label=\"RUT\">\n                    <div class=\"wpuf-label\">\r\n            <label for=\"rut_0\">RUT <span class=\"required\">*<\/span><\/label>\r\n        <\/div>\r\n        \n            <div class=\"wpuf-fields wpuf-numeric_text_holder\">\n                <input\n                    class=\"textfield wpuf_rut_352 \"\n                    id=\"rut\"\n                    type=\"number\"\n                    min=\"0\"\n                    max=\"\"\n                    step=\"0\"\n                    data-duplicate=\"no\"\n                    data-required=\"yes\"\n                    data-type=\"text\" name=\"rut\"\n                    placeholder=\"\"\n                    value=\"\"\n                    size=\"40\" \/>\n\n                            <\/div>\n\n        <\/li>\n                <li class=\"wpuf-el direcci_n field-size-large\" data-label=\"Direcci\u00f3n\">\r\n                    <div class=\"wpuf-label\">\r\n            <label for=\"direcci_n_352\">Direcci\u00f3n <span class=\"required\">*<\/span><\/label>\r\n        <\/div>\r\n        \r\n            <div class=\"wpuf-fields\">\r\n                <input\r\n                    class=\"textfield wpuf_direcci_n_352\"\r\n                    id=\"direcci_n_352\"\r\n                    type=\"text\"\r\n                    data-duplicate=\"no\"\r\n                    data-required=\"yes\"\r\n                    data-type=\"text\" name=\"direcci_n\"\r\n                    placeholder=\"\"\r\n                    value=\"\"\r\n                    size=\"40\"\r\n                    data-style=\"wpuf-style\"\r\n                \/>\r\n\r\n                <span class=\"wpuf-wordlimit-message wpuf-help\"><\/span>\r\n                            <\/div>\r\n                    <\/li>\r\n                <li class=\"wpuf-el\">\r\n            <div class=\"wpuf-field-columns has-columns-2\" data-style=\"wpuf-style\">\r\n                <div class=\"wpuf-column-field-inner-columns\">\r\n                    <div class=\"wpuf-column\">\r\n                                                    <div class=\"column-1 items-of-column-2 wpuf-column-inner-fields\">\r\n                                <ul class=\"wpuf-column-fields\">\r\n                                            <li class=\"wpuf-el ciudad field-size-large\" data-label=\"Ciudad\">\r\n                    <div class=\"wpuf-label\">\r\n            <label for=\"ciudad_352\">Ciudad <span class=\"required\">*<\/span><\/label>\r\n        <\/div>\r\n        \r\n            <div class=\"wpuf-fields\">\r\n                <input\r\n                    class=\"textfield wpuf_ciudad_352\"\r\n                    id=\"ciudad_352\"\r\n                    type=\"text\"\r\n                    data-duplicate=\"no\"\r\n                    data-required=\"yes\"\r\n                    data-type=\"text\" name=\"ciudad\"\r\n                    placeholder=\"\"\r\n                    value=\"\"\r\n                    size=\"40\"\r\n                    data-style=\"wpuf-style\"\r\n                \/>\r\n\r\n                <span class=\"wpuf-wordlimit-message wpuf-help\"><\/span>\r\n                            <\/div>\r\n                    <\/li>\r\n                                        <\/ul>\r\n                            <\/div>\r\n\r\n                                                                                <div class=\"column-2 items-of-column-2 wpuf-column-inner-fields\">\r\n                                <ul class=\"wpuf-column-fields\">\r\n                                            <li class=\"wpuf-el comuna field-size-large\" data-label=\"Comuna\">\r\n                    <div class=\"wpuf-label\">\r\n            <label for=\"comuna_352\">Comuna <span class=\"required\">*<\/span><\/label>\r\n        <\/div>\r\n        \r\n            <div class=\"wpuf-fields\">\r\n                <input\r\n                    class=\"textfield wpuf_comuna_352\"\r\n                    id=\"comuna_352\"\r\n                    type=\"text\"\r\n                    data-duplicate=\"no\"\r\n                    data-required=\"yes\"\r\n                    data-type=\"text\" name=\"comuna\"\r\n                    placeholder=\"\"\r\n                    value=\"\"\r\n                    size=\"40\"\r\n                    data-style=\"wpuf-style\"\r\n                \/>\r\n\r\n                <span class=\"wpuf-wordlimit-message wpuf-help\"><\/span>\r\n                            <\/div>\r\n                    <\/li>\r\n                                        <\/ul>\r\n                            <\/div>\r\n\r\n                                                                        <\/div>\r\n                <\/div>\r\n            <\/div>\r\n        <\/li>\r\n                <li class=\"wpuf-el email field-size-large\" data-label=\"Email\">\r\n                    <div class=\"wpuf-label\">\r\n            <label for=\"email_352\">Email <span class=\"required\">*<\/span><\/label>\r\n        <\/div>\r\n        \r\n            <div class=\"wpuf-fields\">\r\n                <input\r\n                    id=\"email_352\"\r\n                    type=\"email\"\r\n                    class=\"email  wpuf_email_352\"\r\n                    data-duplicate=\"\"\r\n                    data-required=\"yes\"\r\n                    data-type=\"email\"\r\n                    data-style=\"wpuf-style\"\r\n                    name=\"email\"\r\n                    placeholder=\"\"\r\n                    value=\"\"\r\n                    size=\"40\"\r\n                    autocomplete=\"email\"\r\n                \/>\r\n                            <\/div>\r\n        <\/li>\r\n                <li class=\"wpuf-el tel_fono field-size-large\" data-label=\"Tel\u00e9fono\">\n                    <div class=\"wpuf-label\">\r\n            <label for=\"tel_fono_352\">Tel\u00e9fono <span class=\"required\">*<\/span><\/label>\r\n        <\/div>\r\n        \n            <div class=\"wpuf-fields\">\n                <input\n                    class=\"phonefield wpuf_tel_fono_352\"\n                    id=\"tel_fono_352\"\n                    type=\"tel\"\n                    data-required=\"yes\"\n                    data-type=\"text\" name=\"tel_fono\"\n                    placeholder=\"\"\n                    value=\"\"\n                    size=\"40\"\n                \/>\n\n                <span class=\"wpuf-wordlimit-message wpuf-help\"><\/span>\n                            <\/div>\n            <script>\n                jQuery(document).ready(function($){\n                    var phone_field = $( \"input[name*=tel_fono]\" );\n\n                    \n                    if ( 'standard' === '' ) {\n                        phone_field.mask('(999) 999-999999999');\n                    } else {\n                        phone_field.mask('(+9)-999-999-99999999');\n                    }\n                });\n            <\/script>\n        <\/li>\n                <li class=\"wpuf-el fotograf_a field-size-large\" data-label=\"Fotograf\u00eda\">\n                    <div class=\"wpuf-label\">\r\n            <label for=\"fotograf_a_0\">Fotograf\u00eda <span class=\"required\">*<\/span><\/label>\r\n        <\/div>\r\n        \n            <div class=\"wpuf-fields\">\n                <div id=\"wpuf-fotograf_a-352-upload-container\">\n                    <div class=\"wpuf-attachment-upload-filelist\" data-type=\"file\" data-required=\"yes\">\n                        <a id=\"wpuf-fotograf_a-352-pickfiles\" data-form_id=\"352\" class=\"button file-selector  wpuf_fotograf_a_352\" href=\"#\">Select File(s)<\/a>\n\n                        <ul class=\"wpuf-attachment-list thumbnails\"><\/ul>\n                    <\/div>\n                <\/div><!-- .container -->\n\n                        <span class=\"wpuf-help\">Selecciona un archivo<\/span>\r\n        \n            <\/div> <!-- .wpuf-fields -->\n\n            <script type=\"text\/javascript\">\n                jQuery(function($) {\n                    var uploader = new WPUF_Uploader('wpuf-fotograf_a-352-pickfiles', 'wpuf-fotograf_a-352-upload-container', 1, 'fotograf_a', 'jpg,jpeg,gif,png,bmp,pdf,doc,ppt,pps,xls,mdb,docx,xlsx,pptx,odt,odp,ods,odg,odc,odb,odf,rtf,txt,zip,gz,gzip,rar,7z,', 1024);\n                    wpuf_plupload_items.push(uploader);\n                });\n            <\/script>\n\n        <\/li>\n                <li class=\"wpuf-el _3798813935 field-size-large\" data-label=\"\">\n            <div class=\"wpuf-label\">\n                &nbsp;\n            <\/div>\n\n            <div data-required=\"yes\" data-type=\"radio\" class=\"wpuf-fields  wpuf__3798813935_352\">\n\n                <label>\n                                            <input type=\"checkbox\" name=\"wpuf_accept_toc\" required=\"required\" \/>\n                    \n                    <span style=\"color: white;\">Acepto autorizar la revisi\u00f3n de mis antecedentes personales.<\/span>                <\/label>\n            <\/div>\n\n        <\/li>\n                <li class=\"wpuf-submit\">\r\n            <div class=\"wpuf-label\">\r\n                &nbsp;\r\n            <\/div>\r\n\r\n            <input type=\"hidden\" id=\"_wpnonce\" name=\"_wpnonce\" value=\"ccfc6272cf\" \/><input type=\"hidden\" name=\"_wp_http_referer\" value=\"\/index.php\/inscripcion\/\" \/>\r\n            <input type=\"hidden\" name=\"form_id\" value=\"352\">\r\n            <input type=\"hidden\" name=\"page_id\" value=\"50\">\r\n            <input type=\"hidden\" name=\"action\" value=\"weforms_frontend_submit\">\r\n\r\n                            <input type=\"hidden\" name=\"weforms-front-report\" value=\"no\">\r\n            \r\n                        <input type=\"hidden\" name=\"weforms-front-quiz\" value=\"no\">\n        \r\n                            <input type=\"submit\" class=\"weforms_submit_btn wpuf_submit_352\" name=\"submit\" value=\"Enviar formulario\" \/>\r\n                    <\/li>\r\n                <\/ul>\r\n\r\n        <\/form>\r\n                \t\t\t\t<\/div>\n\t\t\t\t<\/div>\n\t\t\t\t<div class=\"elementor-element elementor-element-16910fc elementor-widget elementor-widget-heading\" data-id=\"16910fc\" data-element_type=\"widget\" data-widget_type=\"heading.default\">\n\t\t\t\t<div class=\"elementor-widget-container\">\n\t\t\t\t\t<h6 class=\"elementor-heading-title elementor-size-default\">Es obligatorio completar todos los campos para el correcto env\u00edo de su solicitud.<\/h6>\t\t\t\t<\/div>\n\t\t\t\t<\/div>\n\t\t\t\t\t<\/div>\n\t\t<\/div>\n\t\t\t\t\t<\/div>\n\t\t<\/section>\n\t\t\t\t<\/div>\n\t\t","protected":false},"excerpt":{"rendered":"<p>Solicita tu credencial Para acceder a nuestros servicios, todos los pasajeros deben inscribirse previamente para obtener su credencial como cliente. Nombres * Apellidos * RUT * Direcci\u00f3n * Ciudad * Comuna * Email * Tel\u00e9fono * Fotograf\u00eda * Select File(s) Selecciona un archivo &nbsp; Acepto autorizar la revisi\u00f3n de mis antecedentes personales. &nbsp; Es obligatorio [&hellip;]<\/p>\n","protected":false},"author":1,"featured_media":0,"parent":0,"menu_order":0,"comment_status":"closed","ping_status":"closed","template":"","meta":{"footnotes":""},"class_list":["post-50","page","type-page","status-publish","hentry"],"_links":{"self":[{"href":"https:\/\/cityvip.cl\/index.php\/wp-json\/wp\/v2\/pages\/50","targetHints":{"allow":["GET"]}}],"collection":[{"href":"https:\/\/cityvip.cl\/index.php\/wp-json\/wp\/v2\/pages"}],"about":[{"href":"https:\/\/cityvip.cl\/index.php\/wp-json\/wp\/v2\/types\/page"}],"author":[{"embeddable":true,"href":"https:\/\/cityvip.cl\/index.php\/wp-json\/wp\/v2\/users\/1"}],"replies":[{"embeddable":true,"href":"https:\/\/cityvip.cl\/index.php\/wp-json\/wp\/v2\/comments?post=50"}],"version-history":[{"count":83,"href":"https:\/\/cityvip.cl\/index.php\/wp-json\/wp\/v2\/pages\/50\/revisions"}],"predecessor-version":[{"id":666,"href":"https:\/\/cityvip.cl\/index.php\/wp-json\/wp\/v2\/pages\/50\/revisions\/666"}],"wp:attachment":[{"href":"https:\/\/cityvip.cl\/index.php\/wp-json\/wp\/v2\/media?parent=50"}],"curies":[{"name":"wp","href":"https:\/\/api.w.org\/{rel}","templated":true}]}}